{"id":1070,"date":"2017-06-19T05:41:37","date_gmt":"2017-06-19T05:41:37","guid":{"rendered":"https:\/\/filmbilar.se\/?page_id=1070"},"modified":"2023-01-19T20:18:53","modified_gmt":"2023-01-19T19:18:53","slug":"home","status":"publish","type":"page","link":"https:\/\/filmbilar.se\/en\/","title":{"rendered":"Home"},"content":{"rendered":"<h1>\n\t\t\t\tWelcome to filmbilar.se\n\t\t\t<\/h1>\n\t\t\t<p>Vi har Sveriges st\u00f6rsta urval av utryckningsfordon f\u00f6r TV- och filmproduktion!<\/p>\t\n\t<h2>\n\t\t\t\tTS Filmbilar HB\n\t\t\t<\/h2>\n\t<p>Vi arbetar med att tillhandah\u00e5lla fordon f\u00f6r TV- och filminspelningar.<\/p>\n<p>Med v\u00e5r fordonsk\u00e4nnedom i kombination med erfarenhet fr\u00e5n TV och film jobbar vi f\u00f6r att erbjuda l\u00f6sningar f\u00f6r att f\u00e5 r\u00e4tt fordon till r\u00e4tt plats i r\u00e4tt tid.<\/p>\n<p>P\u00e5 hemsidan hittar du bilder p\u00e5 v\u00e5ra polisbilar och ambulanser, och du kan \u00e4ven l\u00e4sa mer om v\u00e5rt f\u00f6retag.<\/p>\n<p>V\u00e4lkommen med f\u00f6rfr\u00e5gningar!<\/p>\n\t\t\t<a href=\"https:\/\/filmbilar.se\/en\/om-oss\/\" target=\"_self\" role=\"button\" aria-label=\"L\u00e4s mer\" rel=\"noopener\">\n\t\t\t\t\t\t\tL\u00e4s mer\n\t\t<\/a>\n\t<h3>Ska du spela in TV eller film?<\/h3>\n<h3>Beh\u00f6ver du hyra polisbil?<\/h3>\n<h3>Beh\u00f6ver du hyra ambulans?<\/h3>\n<p><strong>D\u00e5 har du hittat r\u00e4tt!<\/strong><\/p>\n\t\t\t<a href=\"\/en\/vara-fordon\/\" target=\"_self\" role=\"button\" aria-label=\"Our vehicles\" rel=\"noopener\">\n\t\t\t\t\t\t\tOur vehicles\n\t\t<\/a>\n\t<h2>\n\t\t\t\tDet h\u00e4r \u00e4r vi\n\t\t\t<\/h2>\n\t\t\t<p>Vi har levererat till en m\u00e4ngd olika kunder, allt fr\u00e5n film och TV-serier till reklam.<\/p>\t\n\t\t\t<a href=\"\/en\/om-oss\/#cv\" target=\"_self\" role=\"button\" aria-label=\"l\u00e4s mer\" rel=\"noopener\">\n\t\t\t\t\t\t\tl\u00e4s mer\n\t\t<\/a>","protected":false},"excerpt":{"rendered":"<p>V\u00e4lkommen till filmbilar.se Vi har Sveriges st\u00f6rsta urval av utryckningsfordon f\u00f6r TV- och filmproduktion! TS Filmbilar HB Vi arbetar med att tillhandah\u00e5lla fordon f\u00f6r TV- och filminspelningar. Med v\u00e5r fordonsk\u00e4nnedom i kombination med erfarenhet fr\u00e5n TV och film jobbar vi f\u00f6r att erbjuda l\u00f6sningar f\u00f6r att f\u00e5 r\u00e4tt fordon till r\u00e4tt plats i r\u00e4tt tid. [&hellip;]<\/p>\n","protected":false},"author":1,"featured_media":0,"parent":0,"menu_order":2,"comment_status":"closed","ping_status":"open","template":"","meta":{"site-sidebar-layout":"no-sidebar","site-content-layout":"page-builder","ast-site-content-layout":"default","site-content-style":"default","site-sidebar-style":"default","ast-global-header-display":"","ast-banner-title-visibility":"","ast-main-header-display":"","ast-hfb-above-header-display":"","ast-hfb-below-header-display":"","ast-hfb-mobile-header-display":"","site-post-title":"disabled","ast-breadcrumbs-content":"","ast-featured-img":"disabled","footer-sml-layout":"","ast-disable-related-posts":"","theme-transparent-header-meta":"default","adv-header-id-meta":"","stick-header-meta":"","header-above-stick-meta":"","header-main-stick-meta":"","header-below-stick-meta":"","astra-migrate-meta-layouts":"default","ast-page-background-enabled":"default","ast-page-background-meta":{"desktop":{"background-color":"","background-image":"","background-repeat":"repeat","background-position":"center center","background-size":"auto","background-attachment":"scroll","background-type":"","background-media":"","overlay-type":"","overlay-color":"","overlay-opacity":"","overlay-gradient":""},"tablet":{"background-color":"","background-image":"","background-repeat":"repeat","background-position":"center center","background-size":"auto","background-attachment":"scroll","background-type":"","background-media":"","overlay-type":"","overlay-color":"","overlay-opacity":"","overlay-gradient":""},"mobile":{"background-color":"","background-image":"","background-repeat":"repeat","background-position":"center center","background-size":"auto","background-attachment":"scroll","background-type":"","background-media":"","overlay-type":"","overlay-color":"","overlay-opacity":"","overlay-gradient":""}},"ast-content-background-meta":{"desktop":{"background-color":"var(--ast-global-color-5)","background-image":"","background-repeat":"repeat","background-position":"center center","background-size":"auto","background-attachment":"scroll","background-type":"","background-media":"","overlay-type":"","overlay-color":"","overlay-opacity":"","overlay-gradient":""},"tablet":{"background-color":"var(--ast-global-color-5)","background-image":"","background-repeat":"repeat","background-position":"center center","background-size":"auto","background-attachment":"scroll","background-type":"","background-media":"","overlay-type":"","overlay-color":"","overlay-opacity":"","overlay-gradient":""},"mobile":{"background-color":"var(--ast-global-color-5)","background-image":"","background-repeat":"repeat","background-position":"center center","background-size":"auto","background-attachment":"scroll","background-type":"","background-media":"","overlay-type":"","overlay-color":"","overlay-opacity":"","overlay-gradient":""}},"footnotes":""},"class_list":["post-1070","page","type-page","status-publish","hentry"],"_links":{"self":[{"href":"https:\/\/filmbilar.se\/en\/wp-json\/wp\/v2\/pages\/1070","targetHints":{"allow":["GET"]}}],"collection":[{"href":"https:\/\/filmbilar.se\/en\/wp-json\/wp\/v2\/pages"}],"about":[{"href":"https:\/\/filmbilar.se\/en\/wp-json\/wp\/v2\/types\/page"}],"author":[{"embeddable":true,"href":"https:\/\/filmbilar.se\/en\/wp-json\/wp\/v2\/users\/1"}],"replies":[{"embeddable":true,"href":"https:\/\/filmbilar.se\/en\/wp-json\/wp\/v2\/comments?post=1070"}],"version-history":[{"count":2,"href":"https:\/\/filmbilar.se\/en\/wp-json\/wp\/v2\/pages\/1070\/revisions"}],"predecessor-version":[{"id":4150,"href":"https:\/\/filmbilar.se\/en\/wp-json\/wp\/v2\/pages\/1070\/revisions\/4150"}],"wp:attachment":[{"href":"https:\/\/filmbilar.se\/en\/wp-json\/wp\/v2\/media?parent=1070"}],"curies":[{"name":"wp","href":"https:\/\/api.w.org\/{rel}","templated":true}]}}