{"id":21,"date":"2017-06-19T07:07:39","date_gmt":"2017-06-19T05:07:39","guid":{"rendered":"https:\/\/filmbilar.se\/?page_id=21"},"modified":"2022-06-02T16:45:46","modified_gmt":"2022-06-02T14:45:46","slug":"vara-fordon","status":"publish","type":"page","link":"https:\/\/filmbilar.se\/en\/vara-fordon\/","title":{"rendered":"Our vehicles"},"content":{"rendered":"<h1>\n\t\t\t\tOur vehicles\n\t\t\t<\/h1>\n\t<p>Dessa utryckningsfordon finns tillg\u00e4ngliga f\u00f6r uthyrning.<\/p>\n<h3>\n\t\tBl\u00e5gula polisbilar\n\t<\/h3>\n\t\t<a href=\"https:\/\/filmbilar.se\/en\/fordon\/yhg\/\" target=\"_self\" rel=\"noopener\"><\/a>\t\t\n\t\t\t\t\t\t\t\t\t\t\t\t\t\t<a href=\"https:\/\/filmbilar.se\/en\/fordon\/yhg\/\" target=\"_self\" title=\"Volvo V90 Cross Country\" rel=\"noopener\">\n\t\t\t\t<img decoding=\"async\" src=\"https:\/\/filmbilar.se\/wp-content\/uploads\/bb-plugin\/cache\/DSC_3357-scaled-custom_crop.jpg\" alt=\"\" \/>\n\t\t\t\t<\/a>\n\t\t\t\t\t\t<h3>\n\t\t\t\t<a href=\"https:\/\/filmbilar.se\/en\/fordon\/yhg\/\" title=\"Volvo V90 Cross Country\" tabindex=\"0\">Volvo V90 Cross Country<\/a>\t\t\t<\/h3>\n\t\t<a href=\"https:\/\/filmbilar.se\/en\/fordon\/rrj\/\" target=\"_self\" rel=\"noopener\"><\/a>\t\t\n\t\t\t\t\t\t\t\t\t\t\t\t\t\t<a href=\"https:\/\/filmbilar.se\/en\/fordon\/rrj\/\" target=\"_self\" title=\"Volvo V90\" rel=\"noopener\">\n\t\t\t\t<img decoding=\"async\" src=\"https:\/\/filmbilar.se\/wp-content\/uploads\/bb-plugin\/cache\/image1-scaled-custom_crop.jpeg\" alt=\"\" \/>\n\t\t\t\t<\/a>\n\t\t\t\t\t\t<h3>\n\t\t\t\t<a href=\"https:\/\/filmbilar.se\/en\/fordon\/rrj\/\" title=\"Volvo V90\" tabindex=\"0\">Volvo V90<\/a>\t\t\t<\/h3>\n\t\t<a href=\"https:\/\/filmbilar.se\/en\/fordon\/dpj\/\" target=\"_self\" rel=\"noopener\"><\/a>\t\t\n\t\t\t\t\t\t\t\t\t\t\t\t\t\t<a href=\"https:\/\/filmbilar.se\/en\/fordon\/dpj\/\" target=\"_self\" title=\"Volvo V90\" rel=\"noopener\">\n\t\t\t\t<img decoding=\"async\" src=\"https:\/\/filmbilar.se\/wp-content\/uploads\/bb-plugin\/cache\/IMG_3952-scaled-custom_crop.jpg\" alt=\"\" \/>\n\t\t\t\t<\/a>\n\t\t\t\t\t\t<h3>\n\t\t\t\t<a href=\"https:\/\/filmbilar.se\/en\/fordon\/dpj\/\" title=\"Volvo V90\" tabindex=\"0\">Volvo V90<\/a>\t\t\t<\/h3>\n\t\t<a href=\"https:\/\/filmbilar.se\/en\/fordon\/yge\/\" target=\"_self\" rel=\"noopener\"><\/a>\t\t\n\t\t\t\t\t\t\t\t\t\t\t\t\t\t<a href=\"https:\/\/filmbilar.se\/en\/fordon\/yge\/\" target=\"_self\" title=\"Volvo V90\" rel=\"noopener\">\n\t\t\t\t<img decoding=\"async\" src=\"https:\/\/filmbilar.se\/wp-content\/uploads\/bb-plugin\/cache\/DSC_3372-scaled-custom_crop.jpg\" alt=\"\" \/>\n\t\t\t\t<\/a>\n\t\t\t\t\t\t<h3>\n\t\t\t\t<a href=\"https:\/\/filmbilar.se\/en\/fordon\/yge\/\" title=\"Volvo V90\" tabindex=\"0\">Volvo V90<\/a>\t\t\t<\/h3>\n\t\t<a href=\"https:\/\/filmbilar.se\/en\/fordon\/bub\/\" target=\"_self\" rel=\"noopener\"><\/a>\t\t\n\t\t\t\t\t\t\t\t\t\t\t\t\t\t<a href=\"https:\/\/filmbilar.se\/en\/fordon\/bub\/\" target=\"_self\" title=\"Volvo XC70II\" rel=\"noopener\">\n\t\t\t\t<img decoding=\"async\" src=\"https:\/\/filmbilar.se\/wp-content\/uploads\/bb-plugin\/cache\/IMG_3900-custom_crop.jpeg\" alt=\"\" \/>\n\t\t\t\t<\/a>\n\t\t\t\t\t\t<h3>\n\t\t\t\t<a href=\"https:\/\/filmbilar.se\/en\/fordon\/bub\/\" title=\"Volvo XC70II\" tabindex=\"0\">Volvo XC70II<\/a>\t\t\t<\/h3>\n\t\t<a href=\"https:\/\/filmbilar.se\/en\/fordon\/bnb\/\" target=\"_self\" rel=\"noopener\"><\/a>\t\t\n\t\t\t\t\t\t\t\t\t\t\t\t\t\t<a href=\"https:\/\/filmbilar.se\/en\/fordon\/bnb\/\" target=\"_self\" title=\"Volvo XC70II\" rel=\"noopener\">\n\t\t\t\t<img decoding=\"async\" src=\"https:\/\/filmbilar.se\/wp-content\/uploads\/bb-plugin\/cache\/DSC_9192-scaled-custom_crop.jpg\" alt=\"\" \/>\n\t\t\t\t<\/a>\n\t\t\t\t\t\t<h3>\n\t\t\t\t<a href=\"https:\/\/filmbilar.se\/en\/fordon\/bnb\/\" title=\"Volvo XC70II\" tabindex=\"0\">Volvo XC70II<\/a>\t\t\t<\/h3>\n\t\t<a href=\"https:\/\/filmbilar.se\/en\/fordon\/tzy\/\" target=\"_self\" rel=\"noopener\"><\/a>\t\t\n\t\t\t\t\t\t\t\t\t\t\t\t\t\t<a href=\"https:\/\/filmbilar.se\/en\/fordon\/tzy\/\" target=\"_self\" title=\"Volvo V70II\" rel=\"noopener\">\n\t\t\t\t<img decoding=\"async\" src=\"https:\/\/filmbilar.se\/wp-content\/uploads\/bb-plugin\/cache\/IMG_4645-scaled-custom_crop.jpg\" alt=\"\" \/>\n\t\t\t\t<\/a>\n\t\t\t\t\t\t<h3>\n\t\t\t\t<a href=\"https:\/\/filmbilar.se\/en\/fordon\/tzy\/\" title=\"Volvo V70II\" tabindex=\"0\">Volvo V70II<\/a>\t\t\t<\/h3>\n\t\t<a href=\"https:\/\/filmbilar.se\/en\/fordon\/dey\/\" target=\"_self\" rel=\"noopener\"><\/a>\t\t\n\t\t\t\t\t\t\t\t\t\t\t\t\t\t<a href=\"https:\/\/filmbilar.se\/en\/fordon\/dey\/\" target=\"_self\" title=\"Volvo V70II\" rel=\"noopener\">\n\t\t\t\t<img decoding=\"async\" src=\"https:\/\/filmbilar.se\/wp-content\/uploads\/bb-plugin\/cache\/DSC_4092-custom_crop.jpg\" alt=\"\" \/>\n\t\t\t\t<\/a>\n\t\t\t\t\t\t<h3>\n\t\t\t\t<a href=\"https:\/\/filmbilar.se\/en\/fordon\/dey\/\" title=\"Volvo V70II\" tabindex=\"0\">Volvo V70II<\/a>\t\t\t<\/h3>\n\t\t<a href=\"https:\/\/filmbilar.se\/en\/fordon\/bfc\/\" target=\"_self\" rel=\"noopener\"><\/a>\t\t\n\t\t\t\t\t\t\t\t\t\t\t\t\t\t<a href=\"https:\/\/filmbilar.se\/en\/fordon\/bfc\/\" target=\"_self\" title=\"Volvo V70II\" rel=\"noopener\">\n\t\t\t\t<img decoding=\"async\" src=\"https:\/\/filmbilar.se\/wp-content\/uploads\/bb-plugin\/cache\/DSC_6670-scaled-custom_crop.jpg\" alt=\"\" \/>\n\t\t\t\t<\/a>\n\t\t\t\t\t\t<h3>\n\t\t\t\t<a href=\"https:\/\/filmbilar.se\/en\/fordon\/bfc\/\" title=\"Volvo V70II\" tabindex=\"0\">Volvo V70II<\/a>\t\t\t<\/h3>\n\t\t<a href=\"https:\/\/filmbilar.se\/en\/fordon\/xno\/\" target=\"_self\" rel=\"noopener\"><\/a>\t\t\n\t\t\t\t\t\t\t\t\t\t\t\t\t\t<a href=\"https:\/\/filmbilar.se\/en\/fordon\/xno\/\" target=\"_self\" title=\"SAAB 9-5\" rel=\"noopener\">\n\t\t\t\t<img decoding=\"async\" src=\"https:\/\/filmbilar.se\/wp-content\/uploads\/bb-plugin\/cache\/IMG_4979-scaled-custom_crop.jpg\" alt=\"\" \/>\n\t\t\t\t<\/a>\n\t\t\t\t\t\t<h3>\n\t\t\t\t<a href=\"https:\/\/filmbilar.se\/en\/fordon\/xno\/\" title=\"SAAB 9-5\" tabindex=\"0\">SAAB 9-5<\/a>\t\t\t<\/h3>\n\t\t<a href=\"https:\/\/filmbilar.se\/en\/fordon\/xlt\/\" target=\"_self\" rel=\"noopener\"><\/a>\t\t\n\t\t\t\t\t\t\t\t\t\t\t\t\t\t<a href=\"https:\/\/filmbilar.se\/en\/fordon\/xlt\/\" target=\"_self\" title=\"SAAB 9-5\" rel=\"noopener\">\n\t\t\t\t<img decoding=\"async\" src=\"https:\/\/filmbilar.se\/wp-content\/uploads\/bb-plugin\/cache\/IMG_9828-scaled-custom_crop.jpg\" alt=\"\" \/>\n\t\t\t\t<\/a>\n\t\t\t\t\t\t<h3>\n\t\t\t\t<a href=\"https:\/\/filmbilar.se\/en\/fordon\/xlt\/\" title=\"SAAB 9-5\" tabindex=\"0\">SAAB 9-5<\/a>\t\t\t<\/h3>\n\t\t<a href=\"https:\/\/filmbilar.se\/en\/fordon\/sdr\/\" target=\"_self\" rel=\"noopener\"><\/a>\t\t\n\t\t\t\t\t\t\t\t\t\t\t\t\t\t<a href=\"https:\/\/filmbilar.se\/en\/fordon\/sdr\/\" target=\"_self\" title=\"Volvo XC70\" rel=\"noopener\">\n\t\t\t\t<img decoding=\"async\" src=\"https:\/\/filmbilar.se\/wp-content\/uploads\/bb-plugin\/cache\/IMG_9885-scaled-custom_crop.jpg\" alt=\"\" \/>\n\t\t\t\t<\/a>\n\t\t\t\t\t\t<h3>\n\t\t\t\t<a href=\"https:\/\/filmbilar.se\/en\/fordon\/sdr\/\" title=\"Volvo XC70\" tabindex=\"0\">Volvo XC70<\/a>\t\t\t<\/h3>\n\t\t<a href=\"https:\/\/filmbilar.se\/en\/fordon\/rux\/\" target=\"_self\" rel=\"noopener\"><\/a>\t\t\n\t\t\t\t\t\t\t\t\t\t\t\t\t\t<a href=\"https:\/\/filmbilar.se\/en\/fordon\/rux\/\" target=\"_self\" title=\"Volvo V70\" rel=\"noopener\">\n\t\t\t\t<img decoding=\"async\" src=\"https:\/\/filmbilar.se\/wp-content\/uploads\/bb-plugin\/cache\/IMG_5000-scaled-custom_crop.jpg\" alt=\"\" \/>\n\t\t\t\t<\/a>\n\t\t\t\t\t\t<h3>\n\t\t\t\t<a href=\"https:\/\/filmbilar.se\/en\/fordon\/rux\/\" title=\"Volvo V70\" tabindex=\"0\">Volvo V70<\/a>\t\t\t<\/h3>\n\t\t<a href=\"https:\/\/filmbilar.se\/en\/fordon\/kyw\/\" target=\"_self\" rel=\"noopener\"><\/a>\t\t\n\t\t\t\t\t\t\t\t\t\t\t\t\t\t<a href=\"https:\/\/filmbilar.se\/en\/fordon\/kyw\/\" target=\"_self\" title=\"Volkswagen Multivan\" rel=\"noopener\">\n\t\t\t\t<img decoding=\"async\" src=\"https:\/\/filmbilar.se\/wp-content\/uploads\/bb-plugin\/cache\/IMG_8033-scaled-custom_crop.jpg\" alt=\"\" \/>\n\t\t\t\t<\/a>\n\t\t\t\t\t\t<h3>\n\t\t\t\t<a href=\"https:\/\/filmbilar.se\/en\/fordon\/kyw\/\" title=\"Volkswagen Multivan\" tabindex=\"0\">Volkswagen Multivan<\/a>\t\t\t<\/h3>\n\t\t<a href=\"https:\/\/filmbilar.se\/en\/fordon\/xbd\/\" target=\"_self\" rel=\"noopener\"><\/a>\t\t\n\t\t\t\t\t\t\t\t\t\t\t\t\t\t<a href=\"https:\/\/filmbilar.se\/en\/fordon\/xbd\/\" target=\"_self\" title=\"Volkswagen Caravelle\" rel=\"noopener\">\n\t\t\t\t<img decoding=\"async\" src=\"https:\/\/filmbilar.se\/wp-content\/uploads\/bb-plugin\/cache\/DSC_1282-scaled-custom_crop.jpg\" alt=\"\" \/>\n\t\t\t\t<\/a>\n\t\t\t\t\t\t<h3>\n\t\t\t\t<a href=\"https:\/\/filmbilar.se\/en\/fordon\/xbd\/\" title=\"Volkswagen Caravelle\" tabindex=\"0\">Volkswagen Caravelle<\/a>\t\t\t<\/h3>\n<h3>\n\t\tBl\u00e5vita polisbilar\n\t<\/h3>\n\t\t<a href=\"https:\/\/filmbilar.se\/en\/fordon\/sru\/\" target=\"_self\" rel=\"noopener\"><\/a>\t\t\n\t\t\t\t\t\t\t\t\t\t\t\t\t\t<a href=\"https:\/\/filmbilar.se\/en\/fordon\/sru\/\" target=\"_self\" title=\"Chevrolet van\" rel=\"noopener\">\n\t\t\t\t<img decoding=\"async\" src=\"https:\/\/filmbilar.se\/wp-content\/uploads\/bb-plugin\/cache\/2014-11-14-12.31.43-1-scaled-custom_crop.jpg\" alt=\"\" \/>\n\t\t\t\t<\/a>\n\t\t\t\t\t\t<h3>\n\t\t\t\t<a href=\"https:\/\/filmbilar.se\/en\/fordon\/sru\/\" title=\"Chevrolet van\" tabindex=\"0\">Chevrolet van<\/a>\t\t\t<\/h3>\n\t\t<a href=\"https:\/\/filmbilar.se\/en\/fordon\/uhc\/\" target=\"_self\" rel=\"noopener\"><\/a>\t\t\n\t\t\t\t\t\t\t\t\t\t\t\t\t\t<a href=\"https:\/\/filmbilar.se\/en\/fordon\/uhc\/\" target=\"_self\" title=\"Volvo XC70\" rel=\"noopener\">\n\t\t\t\t<img decoding=\"async\" src=\"https:\/\/filmbilar.se\/wp-content\/uploads\/bb-plugin\/cache\/xc70-custom_crop.jpg\" alt=\"\" \/>\n\t\t\t\t<\/a>\n\t\t\t\t\t\t<h3>\n\t\t\t\t<a href=\"https:\/\/filmbilar.se\/en\/fordon\/uhc\/\" title=\"Volvo XC70\" tabindex=\"0\">Volvo XC70<\/a>\t\t\t<\/h3>\n\t\t<a href=\"https:\/\/filmbilar.se\/en\/fordon\/ueo\/\" target=\"_self\" rel=\"noopener\"><\/a>\t\t\n\t\t\t\t\t\t\t\t\t\t\t\t\t\t<a href=\"https:\/\/filmbilar.se\/en\/fordon\/ueo\/\" target=\"_self\" title=\"Volvo V70\" rel=\"noopener\">\n\t\t\t\t<img decoding=\"async\" src=\"https:\/\/filmbilar.se\/wp-content\/uploads\/bb-plugin\/cache\/IMG_4780-scaled-custom_crop.jpg\" alt=\"\" \/>\n\t\t\t\t<\/a>\n\t\t\t\t\t\t<h3>\n\t\t\t\t<a href=\"https:\/\/filmbilar.se\/en\/fordon\/ueo\/\" title=\"Volvo V70\" tabindex=\"0\">Volvo V70<\/a>\t\t\t<\/h3>\n\t\t<a href=\"https:\/\/filmbilar.se\/en\/fordon\/unh\/\" target=\"_self\" rel=\"noopener\"><\/a>\t\t\n\t\t\t\t\t\t\t\t\t\t\t\t\t\t<a href=\"https:\/\/filmbilar.se\/en\/fordon\/unh\/\" target=\"_self\" title=\"SAAB 9-5\" rel=\"noopener\">\n\t\t\t\t<img decoding=\"async\" src=\"https:\/\/filmbilar.se\/wp-content\/uploads\/bb-plugin\/cache\/DSC_9600-scaled-custom_crop.jpg\" alt=\"\" \/>\n\t\t\t\t<\/a>\n\t\t\t\t\t\t<h3>\n\t\t\t\t<a href=\"https:\/\/filmbilar.se\/en\/fordon\/unh\/\" title=\"SAAB 9-5\" tabindex=\"0\">SAAB 9-5<\/a>\t\t\t<\/h3>\n\t\t<a href=\"https:\/\/filmbilar.se\/en\/fordon\/fcw\/\" target=\"_self\" rel=\"noopener\"><\/a>\t\t\n\t\t\t\t\t\t\t\t\t\t\t\t\t\t<a href=\"https:\/\/filmbilar.se\/en\/fordon\/fcw\/\" target=\"_self\" title=\"SAAB 9-5\" rel=\"noopener\">\n\t\t\t\t<img decoding=\"async\" src=\"https:\/\/filmbilar.se\/wp-content\/uploads\/bb-plugin\/cache\/Bild-030-scaled-custom_crop.jpg\" alt=\"\" \/>\n\t\t\t\t<\/a>\n\t\t\t\t\t\t<h3>\n\t\t\t\t<a href=\"https:\/\/filmbilar.se\/en\/fordon\/fcw\/\" title=\"SAAB 9-5\" tabindex=\"0\">SAAB 9-5<\/a>\t\t\t<\/h3>\n<h3>\n\t\tBl\u00e5gula polismotorcyklar\n\t<\/h3>\n\t\t<a href=\"https:\/\/filmbilar.se\/en\/fordon\/tho\/\" target=\"_self\" rel=\"noopener\"><\/a>\t\t\n\t\t\t\t\t\t\t\t\t\t\t\t\t\t<a href=\"https:\/\/filmbilar.se\/en\/fordon\/tho\/\" target=\"_self\" title=\"BMW polismotorcykel\" rel=\"noopener\">\n\t\t\t\t<img decoding=\"async\" src=\"https:\/\/filmbilar.se\/wp-content\/uploads\/bb-plugin\/cache\/IMG_4809-scaled-custom_crop.jpg\" alt=\"\" \/>\n\t\t\t\t<\/a>\n\t\t\t\t\t\t<h3>\n\t\t\t\t<a href=\"https:\/\/filmbilar.se\/en\/fordon\/tho\/\" title=\"BMW polismotorcykel\" tabindex=\"0\">BMW polismotorcykel<\/a>\t\t\t<\/h3>\n\t\t<a href=\"https:\/\/filmbilar.se\/en\/fordon\/tlg\/\" target=\"_self\" rel=\"noopener\"><\/a>\t\t\n\t\t\t\t\t\t\t\t\t\t\t\t\t\t<a href=\"https:\/\/filmbilar.se\/en\/fordon\/tlg\/\" target=\"_self\" title=\"BMW polismotorcykel\" rel=\"noopener\">\n\t\t\t\t<img decoding=\"async\" src=\"https:\/\/filmbilar.se\/wp-content\/uploads\/bb-plugin\/cache\/IMG_4851-scaled-custom_crop.jpg\" alt=\"\" \/>\n\t\t\t\t<\/a>\n\t\t\t\t\t\t<h3>\n\t\t\t\t<a href=\"https:\/\/filmbilar.se\/en\/fordon\/tlg\/\" title=\"BMW polismotorcykel\" tabindex=\"0\">BMW polismotorcykel<\/a>\t\t\t<\/h3>\n<h3>\n\t\t\u00c4ldre polisbilar\n\t<\/h3>\n\t\t<a href=\"https:\/\/filmbilar.se\/en\/fordon\/mub\/\" target=\"_self\" rel=\"noopener\"><\/a>\t\t\n\t\t\t\t\t\t\t\t\t\t\t\t\t\t<a href=\"https:\/\/filmbilar.se\/en\/fordon\/mub\/\" target=\"_self\" title=\"Volvo 244\" rel=\"noopener\">\n\t\t\t\t<img decoding=\"async\" src=\"https:\/\/filmbilar.se\/wp-content\/uploads\/bb-plugin\/cache\/DSC_3926-custom_crop.jpg\" alt=\"\" \/>\n\t\t\t\t<\/a>\n\t\t\t\t\t\t<h3>\n\t\t\t\t<a href=\"https:\/\/filmbilar.se\/en\/fordon\/mub\/\" title=\"Volvo 244\" tabindex=\"0\">Volvo 244<\/a>\t\t\t<\/h3>\n\t\t<a href=\"https:\/\/filmbilar.se\/en\/fordon\/otn\/\" target=\"_self\" rel=\"noopener\"><\/a>\t\t\n\t\t\t\t\t\t\t\t\t\t\t\t\t\t<a href=\"https:\/\/filmbilar.se\/en\/fordon\/otn\/\" target=\"_self\" title=\"Volvo 244\" rel=\"noopener\">\n\t\t\t\t<img decoding=\"async\" src=\"https:\/\/filmbilar.se\/wp-content\/uploads\/bb-plugin\/cache\/image22-scaled-custom_crop.jpeg\" alt=\"\" \/>\n\t\t\t\t<\/a>\n\t\t\t\t\t\t<h3>\n\t\t\t\t<a href=\"https:\/\/filmbilar.se\/en\/fordon\/otn\/\" title=\"Volvo 244\" tabindex=\"0\">Volvo 244<\/a>\t\t\t<\/h3>\n\t\t<a href=\"https:\/\/filmbilar.se\/en\/fordon\/arr\/\" target=\"_self\" rel=\"noopener\"><\/a>\t\t\n\t\t\t\t\t\t\t\t\t\t\t\t\t\t<a href=\"https:\/\/filmbilar.se\/en\/fordon\/arr\/\" target=\"_self\" title=\"Ford Econoline\" rel=\"noopener\">\n\t\t\t\t<img decoding=\"async\" src=\"https:\/\/filmbilar.se\/wp-content\/uploads\/bb-plugin\/cache\/image0-2-scaled-custom_crop.jpeg\" alt=\"\" \/>\n\t\t\t\t<\/a>\n\t\t\t\t\t\t<h3>\n\t\t\t\t<a href=\"https:\/\/filmbilar.se\/en\/fordon\/arr\/\" title=\"Ford Econoline\" tabindex=\"0\">Ford Econoline<\/a>\t\t\t<\/h3>\n\t\t<a href=\"https:\/\/filmbilar.se\/en\/fordon\/hma\/\" target=\"_self\" rel=\"noopener\"><\/a>\t\t\n\t\t\t\t\t\t\t\t\t\t\t\t\t\t<a href=\"https:\/\/filmbilar.se\/en\/fordon\/hma\/\" target=\"_self\" title=\"Plymouth Valiant\" rel=\"noopener\">\n\t\t\t\t<img decoding=\"async\" src=\"https:\/\/filmbilar.se\/wp-content\/uploads\/bb-plugin\/cache\/IMG_3996-scaled-custom_crop.jpg\" alt=\"\" \/>\n\t\t\t\t<\/a>\n\t\t\t\t\t\t<h3>\n\t\t\t\t<a href=\"https:\/\/filmbilar.se\/en\/fordon\/hma\/\" title=\"Plymouth Valiant\" tabindex=\"0\">Plymouth Valiant<\/a>\t\t\t<\/h3>\n\t\t<a href=\"https:\/\/filmbilar.se\/en\/fordon\/cgc\/\" target=\"_self\" rel=\"noopener\"><\/a>\t\t\n\t\t\t\t\t\t\t\t\t\t\t\t\t\t<a href=\"https:\/\/filmbilar.se\/en\/fordon\/cgc\/\" target=\"_self\" title=\"Plymouth Valiant\" rel=\"noopener\">\n\t\t\t\t<img decoding=\"async\" src=\"https:\/\/filmbilar.se\/wp-content\/uploads\/bb-plugin\/cache\/IMG_4001-scaled-custom_crop.jpg\" alt=\"\" \/>\n\t\t\t\t<\/a>\n\t\t\t\t\t\t<h3>\n\t\t\t\t<a href=\"https:\/\/filmbilar.se\/en\/fordon\/cgc\/\" title=\"Plymouth Valiant\" tabindex=\"0\">Plymouth Valiant<\/a>\t\t\t<\/h3>\n<h3>\n\t\tCivila polisbilar\n\t<\/h3>\n\t\t<a href=\"https:\/\/filmbilar.se\/en\/fordon\/rgk\/\" target=\"_self\" rel=\"noopener\"><\/a>\t\t\n\t\t\t\t\t\t\t\t\t\t\t\t\t\t<a href=\"https:\/\/filmbilar.se\/en\/fordon\/rgk\/\" target=\"_self\" title=\"Chevrolet Van\" rel=\"noopener\">\n\t\t\t\t<img decoding=\"async\" src=\"https:\/\/filmbilar.se\/wp-content\/uploads\/bb-plugin\/cache\/IMG_6749-1-custom_crop.jpg\" alt=\"\" \/>\n\t\t\t\t<\/a>\n\t\t\t\t\t\t<h3>\n\t\t\t\t<a href=\"https:\/\/filmbilar.se\/en\/fordon\/rgk\/\" title=\"Chevrolet Van\" tabindex=\"0\">Chevrolet Van<\/a>\t\t\t<\/h3>\n<h3>\n\t\tAmbulanser\n\t<\/h3>\n\t\t<a href=\"https:\/\/filmbilar.se\/en\/fordon\/oua\/\" target=\"_self\" rel=\"noopener\"><\/a>\t\t\n\t\t\t\t\t\t\t\t\t\t\t\t\t\t<a href=\"https:\/\/filmbilar.se\/en\/fordon\/oua\/\" target=\"_self\" title=\"Mercedes Sprinter\" rel=\"noopener\">\n\t\t\t\t<img decoding=\"async\" src=\"https:\/\/filmbilar.se\/wp-content\/uploads\/bb-plugin\/cache\/IMG_0641-scaled-custom_crop.jpg\" alt=\"\" \/>\n\t\t\t\t<\/a>\n\t\t\t\t\t\t<h3>\n\t\t\t\t<a href=\"https:\/\/filmbilar.se\/en\/fordon\/oua\/\" title=\"Mercedes Sprinter\" tabindex=\"0\">Mercedes Sprinter<\/a>\t\t\t<\/h3>\n\t\t<a href=\"https:\/\/filmbilar.se\/en\/fordon\/ycn\/\" target=\"_self\" rel=\"noopener\"><\/a>\t\t\n\t\t\t\t\t\t\t\t\t\t\t\t\t\t<a href=\"https:\/\/filmbilar.se\/en\/fordon\/ycn\/\" target=\"_self\" title=\"Volvo XC70II\" rel=\"noopener\">\n\t\t\t\t<img decoding=\"async\" src=\"https:\/\/filmbilar.se\/wp-content\/uploads\/bb-plugin\/cache\/Bild1-2-scaled-custom_crop.jpg\" alt=\"\" \/>\n\t\t\t\t<\/a>\n\t\t\t\t\t\t<h3>\n\t\t\t\t<a href=\"https:\/\/filmbilar.se\/en\/fordon\/ycn\/\" title=\"Volvo XC70II\" tabindex=\"0\">Volvo XC70II<\/a>\t\t\t<\/h3>\n\t\t<a href=\"https:\/\/filmbilar.se\/en\/fordon\/wxu\/\" target=\"_self\" rel=\"noopener\"><\/a>\t\t\n\t\t\t\t\t\t\t\t\t\t\t\t\t\t<a href=\"https:\/\/filmbilar.se\/en\/fordon\/wxu\/\" target=\"_self\" title=\"Volvo V70\" rel=\"noopener\">\n\t\t\t\t<img decoding=\"async\" src=\"https:\/\/filmbilar.se\/wp-content\/uploads\/bb-plugin\/cache\/IMG_3801-scaled-custom_crop.jpg\" alt=\"\" \/>\n\t\t\t\t<\/a>\n\t\t\t\t\t\t<h3>\n\t\t\t\t<a href=\"https:\/\/filmbilar.se\/en\/fordon\/wxu\/\" title=\"Volvo V70\" tabindex=\"0\">Volvo V70<\/a>\t\t\t<\/h3>\n<h3>\n\t\tKl\u00e4der och \u00f6vrigt\n\t<\/h3>\n\t\t<a href=\"https:\/\/filmbilar.se\/en\/fordon\/klader\/\" target=\"_self\" rel=\"noopener\"><\/a>\t\t\n\t\t\t\t\t\t\t\t\t\t\t\t\t\t<a href=\"https:\/\/filmbilar.se\/en\/fordon\/klader\/\" target=\"_self\" title=\"Ambulanskl\u00e4der\" rel=\"noopener\">\n\t\t\t\t<img decoding=\"async\" src=\"https:\/\/filmbilar.se\/wp-content\/uploads\/bb-plugin\/cache\/DSC_9688-scaled-custom_crop.jpg\" alt=\"\" \/>\n\t\t\t\t<\/a>\n\t\t\t\t\t\t<h3>\n\t\t\t\t<a href=\"https:\/\/filmbilar.se\/en\/fordon\/klader\/\" title=\"Ambulanskl\u00e4der\" tabindex=\"0\">Ambulanskl\u00e4der<\/a>\t\t\t<\/h3>\n\t\t<a href=\"https:\/\/filmbilar.se\/en\/fordon\/extra\/\" target=\"_self\" rel=\"noopener\"><\/a>\t\t\n\t\t\t\t\t\t\t\t\t\t\t\t\t\t<a href=\"https:\/\/filmbilar.se\/en\/fordon\/extra\/\" target=\"_self\" title=\"\u00d6vrig utrustning\" rel=\"noopener\">\n\t\t\t\t<img decoding=\"async\" src=\"https:\/\/filmbilar.se\/wp-content\/uploads\/bb-plugin\/cache\/DSC_0996-scaled-custom_crop.jpg\" alt=\"\" \/>\n\t\t\t\t<\/a>\n\t\t\t\t\t\t<h3>\n\t\t\t\t<a href=\"https:\/\/filmbilar.se\/en\/fordon\/extra\/\" title=\"\u00d6vrig utrustning\" tabindex=\"0\">\u00d6vrig utrustning<\/a>\t\t\t<\/h3>","protected":false},"excerpt":{"rendered":"<p>V\u00e5ra fordon Dessa utryckningsfordon finns tillg\u00e4ngliga f\u00f6r uthyrning. Bl\u00e5gula polisbilar Volvo V90 Cross Country Volvo V90 Volvo V90 Volvo V90 Volvo XC70II Volvo XC70II Volvo V70II Volvo V70II Volvo V70II SAAB 9-5 SAAB 9-5 Volvo XC70 Volvo V70 Volkswagen Multivan Volkswagen Caravelle Bl\u00e5vita polisbilar Chevrolet van Volvo XC70 Volvo V70 SAAB 9-5 SAAB 9-5 Bl\u00e5gula [&hellip;]<\/p>\n","protected":false},"author":1,"featured_media":0,"parent":0,"menu_order":1,"comment_status":"closed","ping_status":"closed","template":"","meta":{"site-sidebar-layout":"no-sidebar","site-content-layout":"page-builder","ast-site-content-layout":"default","site-content-style":"default","site-sidebar-style":"default","ast-global-header-display":"","ast-banner-title-visibility":"","ast-main-header-display":"","ast-hfb-above-header-display":"","ast-hfb-below-header-display":"","ast-hfb-mobile-header-display":"","site-post-title":"disabled","ast-breadcrumbs-content":"","ast-featured-img":"disabled","footer-sml-layout":"","ast-disable-related-posts":"","theme-transparent-header-meta":"default","adv-header-id-meta":"","stick-header-meta":"","header-above-stick-meta":"","header-main-stick-meta":"","header-below-stick-meta":"","astra-migrate-meta-layouts":"default","ast-page-background-enabled":"default","ast-page-background-meta":{"desktop":{"background-color":"","background-image":"","background-repeat":"repeat","background-position":"center center","background-size":"auto","background-attachment":"scroll","background-type":"","background-media":"","overlay-type":"","overlay-color":"","overlay-opacity":"","overlay-gradient":""},"tablet":{"background-color":"","background-image":"","background-repeat":"repeat","background-position":"center center","background-size":"auto","background-attachment":"scroll","background-type":"","background-media":"","overlay-type":"","overlay-color":"","overlay-opacity":"","overlay-gradient":""},"mobile":{"background-color":"","background-image":"","background-repeat":"repeat","background-position":"center center","background-size":"auto","background-attachment":"scroll","background-type":"","background-media":"","overlay-type":"","overlay-color":"","overlay-opacity":"","overlay-gradient":""}},"ast-content-background-meta":{"desktop":{"background-color":"var(--ast-global-color-5)","background-image":"","background-repeat":"repeat","background-position":"center center","background-size":"auto","background-attachment":"scroll","background-type":"","background-media":"","overlay-type":"","overlay-color":"","overlay-opacity":"","overlay-gradient":""},"tablet":{"background-color":"var(--ast-global-color-5)","background-image":"","background-repeat":"repeat","background-position":"center center","background-size":"auto","background-attachment":"scroll","background-type":"","background-media":"","overlay-type":"","overlay-color":"","overlay-opacity":"","overlay-gradient":""},"mobile":{"background-color":"var(--ast-global-color-5)","background-image":"","background-repeat":"repeat","background-position":"center center","background-size":"auto","background-attachment":"scroll","background-type":"","background-media":"","overlay-type":"","overlay-color":"","overlay-opacity":"","overlay-gradient":""}},"footnotes":""},"class_list":["post-21","page","type-page","status-publish","hentry"],"_links":{"self":[{"href":"https:\/\/filmbilar.se\/en\/wp-json\/wp\/v2\/pages\/21","targetHints":{"allow":["GET"]}}],"collection":[{"href":"https:\/\/filmbilar.se\/en\/wp-json\/wp\/v2\/pages"}],"about":[{"href":"https:\/\/filmbilar.se\/en\/wp-json\/wp\/v2\/types\/page"}],"author":[{"embeddable":true,"href":"https:\/\/filmbilar.se\/en\/wp-json\/wp\/v2\/users\/1"}],"replies":[{"embeddable":true,"href":"https:\/\/filmbilar.se\/en\/wp-json\/wp\/v2\/comments?post=21"}],"version-history":[{"count":11,"href":"https:\/\/filmbilar.se\/en\/wp-json\/wp\/v2\/pages\/21\/revisions"}],"predecessor-version":[{"id":3188,"href":"https:\/\/filmbilar.se\/en\/wp-json\/wp\/v2\/pages\/21\/revisions\/3188"}],"wp:attachment":[{"href":"https:\/\/filmbilar.se\/en\/wp-json\/wp\/v2\/media?parent=21"}],"curies":[{"name":"wp","href":"https:\/\/api.w.org\/{rel}","templated":true}]}}